{"id":6602,"date":"2024-03-26T10:42:29","date_gmt":"2024-03-26T10:42:29","guid":{"rendered":"https:\/\/www.gasb.golf\/?page_id=6602"},"modified":"2026-02-03T20:48:16","modified_gmt":"2026-02-03T20:48:16","slug":"events","status":"publish","type":"page","link":"https:\/\/gasb.golf\/de\/events\/","title":{"rendered":"Events"},"content":{"rendered":"<div id='layer_slider_1' class='avia-layerslider main_color avia-shadow  container_wrap sidebar_right'    style='height: 624px;' ><\/div>\n<\/div><\/div><\/div><!-- close content main div --><\/div><\/div><div id='headerbar' class='avia-section main_color avia-section-default avia-no-border-styling avia-bg-style-scroll   container_wrap sidebar_right' style = 'background-color: #510900; '  ><div class='container' ><div class='template-page content  av-content-small alpha units'><div class='post-entry post-entry-type-page post-entry-6602'><div class='entry-content-wrapper clearfix'>\n<div class=\"flex_column av_one_full  flex_column_div av-zero-column-padding first  \" style='border-radius:0px; '><div class='avia-button-wrap avia-button-center '><a href='https:\/\/forms.office.com\/e\/DHS3JG7m13t' class='avia-button   avia-icon_select-no avia-color-custom avia-size-medium avia-position-center '  style='background-color:#ffffff; border-color:#ffffff; color:#333333; ' ><span class='avia_iconbox_title' >Event reservieren<\/span><\/a><\/div><\/div><\/div><\/div><\/div><!-- close content main div --><\/div><\/div><div id='after_section_1' class='main_color av_default_container_wrap container_wrap sidebar_right'   ><div class='container' ><div class='template-page content  av-content-small alpha units'><div class='post-entry post-entry-type-page post-entry-6602'><div class='entry-content-wrapper clearfix'><\/div><\/div><\/div><!-- close content main div --><\/div><\/div><div id='av_section_2' class='avia-section main_color avia-section-default avia-no-shadow avia-bg-style-scroll   container_wrap sidebar_right' style = 'background-color: #ffffff; '  ><div class='container' ><div class='template-page content  av-content-small alpha units'><div class='post-entry post-entry-type-page post-entry-6602'><div class='entry-content-wrapper clearfix'>\n<div  class='hr hr-default  '><span class='hr-inner ' ><span class='hr-inner-style'><\/span><\/span><\/div>\n<section class=\"av_textblock_section \"  itemscope=\"itemscope\" itemtype=\"https:\/\/schema.org\/CreativeWork\" ><div class='avia_textblock  '   itemprop=\"text\" ><h5 style=\"color: #000000;font-size: 30px;text-align: center\">Suchen Sie einen Golf-Event f\u00fcr Ihre Firma oder eine Gruppe von Freunden in der Region Baden Z\u00fcrich?<\/h5>\n<\/div><\/section>\n<section class=\"av_textblock_section \"  itemscope=\"itemscope\" itemtype=\"https:\/\/schema.org\/CreativeWork\" ><div class='avia_textblock  '   itemprop=\"text\" ><h3 style=\"text-align: center\">Gruppenevents bietet folgende Vorteile\u2026<\/h3>\n<\/div><\/section>\n<div  class='hr hr-default  '><span class='hr-inner ' ><span class='hr-inner-style'><\/span><\/span><\/div>\n<div class=\"flex_column av_one_third  flex_column_div av-zero-column-padding first  \" style='border-radius:0px; '><div class='avia-image-container avia_animated_image avia_animate_when_almost_visible av-rotateIn av-styling-    avia-align-center '  itemscope=\"itemscope\" itemtype=\"https:\/\/schema.org\/ImageObject\"  ><div class='avia-image-container-inner'><img class='avia_image ' src='https:\/\/gasb.golf\/wp-content\/uploads\/sites\/80\/2024\/01\/Goals.png' alt='' title='Goals'   itemprop=\"thumbnailUrl\"  \/><\/div><\/div><br \/>\n<section class=\"av_textblock_section \"  itemscope=\"itemscope\" itemtype=\"https:\/\/schema.org\/CreativeWork\" ><div class='avia_textblock  av_inherit_color '  style='color:#000000; '  itemprop=\"text\" ><h4 style=\"text-align: center\">Alle Wilkommen<\/h4>\n<\/div><\/section><br \/>\n<section class=\"av_textblock_section \"  itemscope=\"itemscope\" itemtype=\"https:\/\/schema.org\/CreativeWork\" ><div class='avia_textblock  av_inherit_color '  style='color:#000000; '  itemprop=\"text\" ><p style=\"text-align: center\">Es spielt keine Rolle, ob Sie 8 oder 80 Jahre alt sind, alle Altersgruppen k\u00f6nnen mitmachen<\/p>\n<\/div><\/section><\/div><div class=\"flex_column av_one_third  flex_column_div av-zero-column-padding   \" style='border-radius:0px; '><div class='avia-image-container avia_animated_image avia_animate_when_almost_visible av-rotateIn av-styling-    avia-align-center '  itemscope=\"itemscope\" itemtype=\"https:\/\/schema.org\/ImageObject\"  ><div class='avia-image-container-inner'><img class='avia_image ' src='https:\/\/gasb.golf\/wp-content\/uploads\/sites\/80\/2024\/01\/Flexible.png' alt='' title='Flexible'   itemprop=\"thumbnailUrl\"  \/><\/div><\/div><br \/>\n<section class=\"av_textblock_section \"  itemscope=\"itemscope\" itemtype=\"https:\/\/schema.org\/CreativeWork\" ><div class='avia_textblock  av_inherit_color '  style='color:#000000; '  itemprop=\"text\" ><h4 style=\"text-align: center\">Personalisierte<\/h4>\n<\/div><\/section><br \/>\n<section class=\"av_textblock_section \"  itemscope=\"itemscope\" itemtype=\"https:\/\/schema.org\/CreativeWork\" ><div class='avia_textblock  av_inherit_color '  style='color:#000000; '  itemprop=\"text\" ><p style=\"text-align: center\">Jede Veranstaltung wird auf die Gruppe, ihre W\u00fcnsche und ihr Budget abgestimmt.<\/p>\n<\/div><\/section><\/div><div class=\"flex_column av_one_third  flex_column_div av-zero-column-padding   \" style='border-radius:0px; '><div class='avia-image-container avia_animated_image avia_animate_when_almost_visible av-rotateIn av-styling-    avia-align-center '  itemscope=\"itemscope\" itemtype=\"https:\/\/schema.org\/ImageObject\"  ><div class='avia-image-container-inner'><img class='avia_image ' src='https:\/\/gasb.golf\/wp-content\/uploads\/sites\/80\/2024\/01\/Personalised.png' alt='' title='Personalised'   itemprop=\"thumbnailUrl\"  \/><\/div><\/div><br \/>\n<section class=\"av_textblock_section \"  itemscope=\"itemscope\" itemtype=\"https:\/\/schema.org\/CreativeWork\" ><div class='avia_textblock  av_inherit_color '  style='color:#000000; '  itemprop=\"text\" ><h4 style=\"text-align: center\">Spass<\/h4>\n<\/div><\/section><br \/>\n<section class=\"av_textblock_section \"  itemscope=\"itemscope\" itemtype=\"https:\/\/schema.org\/CreativeWork\" ><div class='avia_textblock  av_inherit_color '  style='color:#000000; '  itemprop=\"text\" ><p style=\"text-align: center\">Wir werden daf\u00fcr sorgen, dass Sie viel Spass haben und gleichzeitig etwas Neues lernen<\/p>\n<\/div><\/section><\/div>\n<\/div><\/div><\/div><!-- close content main div --><\/div><\/div><div id='after_section_2' class='main_color av_default_container_wrap container_wrap sidebar_right'   ><div class='container' ><div class='template-page content  av-content-small alpha units'><div class='post-entry post-entry-type-page post-entry-6602'><div class='entry-content-wrapper clearfix'><\/p>\n<\/div><\/div><\/div><!-- close content main div --><\/div><\/div><div id='av_section_3' class='avia-section main_color avia-section-no-padding avia-no-border-styling avia-bg-style-scroll   container_wrap sidebar_right' style = 'background-color: #ffffff; '  ><div class='container' ><div class='template-page content  av-content-small alpha units'><div class='post-entry post-entry-type-page post-entry-6602'><div class='entry-content-wrapper clearfix'>\n<div  class='hr hr-default  '><span class='hr-inner ' ><span class='hr-inner-style'><\/span><\/span><\/div>\n<div style='height:5px' class='hr hr-invisible  '><span class='hr-inner ' ><span class='hr-inner-style'><\/span><\/span><\/div>\n<section class=\"av_textblock_section \"  itemscope=\"itemscope\" itemtype=\"https:\/\/schema.org\/CreativeWork\" ><div class='avia_textblock  '   itemprop=\"text\" ><h5 style=\"color: #000000;font-size: 30px;text-align: center\">EVENT M\u00d6GLICHKEITEN<\/h5>\n<\/div><\/section>\n<section class=\"av_textblock_section \"  itemscope=\"itemscope\" itemtype=\"https:\/\/schema.org\/CreativeWork\" ><div class='avia_textblock  '   itemprop=\"text\" ><h3 style=\"text-align: center\">Entdecken Sie unsere Event-Optionen f\u00fcr die Region Baden-Z\u00fcrich unten und klicken Sie auf \u201eMehr lesen\u201c f\u00fcr weitere Details&#8230;<\/h3>\n<\/div><\/section>\n<div  class='hr hr-default  '><span class='hr-inner ' ><span class='hr-inner-style'><\/span><\/span><\/div>\n<section class=\"av_textblock_section \"  itemscope=\"itemscope\" itemtype=\"https:\/\/schema.org\/CreativeWork\" ><div class='avia_textblock  '   itemprop=\"text\" >\r\n\r\n            <section class=\"lessontype\">\r\n            <div class=\"container\">\r\n\r\n                <div class=\"row\">\r\n                    <div class=\"owl-carousel owl-theme lessontype_slider\">\r\n                                                    <!--========= First Slide =========-->\r\n                            <div class=\"item\">\r\n                                <div class=\"images_item\">\r\n                                    <img decoding=\"async\" class=\"l_n_hover\" src=\"https:\/\/gasb.golf\/wp-content\/uploads\/sites\/80\/2024\/03\/Events-Silver-Event-1.png\" alt=\"\" \/> \r\n                                                                    <\/div>\r\n\r\n\r\n\r\n                                <h4>Silver Event<\/h4>\r\n                                <div class=\"lesson_short_content\">\r\n                                    <p>80 Minute Intro zum Golfsport                                        <br \/>\r\n                                                                                    <a href=\"javascript:void(0)\" class=\"openPopupCls\"  data-bio_id='6605'>Read More<\/a>\r\n                                        \r\n\r\n                                    <\/p>\r\n                                <\/div>\r\n                                <div class=\"book_lsn\">\r\n                                                                            <a href=\"https:\/\/forms.office.com\/e\/DHS3JG7m13\" class=\"b_lesson\">Anfrage<\/a> \r\n                                                                        \r\n                                    \r\n                                <\/div>\r\n                            <\/div>\r\n\r\n                                                        <!--========= First Slide =========-->\r\n                            <div class=\"item\">\r\n                                <div class=\"images_item\">\r\n                                    <img decoding=\"async\" class=\"l_n_hover\" src=\"https:\/\/gasb.golf\/wp-content\/uploads\/sites\/80\/2025\/02\/Events-Gold-Event.png\" alt=\"\" \/> \r\n                                                                    <\/div>\r\n\r\n\r\n\r\n                                <h4>Gold Event<\/h4>\r\n                                <div class=\"lesson_short_content\">\r\n                                    <p>120 Minute Introduction to the Golfsport                                        <br \/>\r\n                                                                                    <a href=\"javascript:void(0)\" class=\"openPopupCls\"  data-bio_id='6930'>Read More<\/a>\r\n                                        \r\n\r\n                                    <\/p>\r\n                                <\/div>\r\n                                <div class=\"book_lsn\">\r\n                                                                            <a href=\"https:\/\/forms.office.com\/e\/DHS3JG7m13\" class=\"b_lesson\">Anfrage<\/a> \r\n                                                                        \r\n                                    \r\n                                <\/div>\r\n                            <\/div>\r\n\r\n                                                        <!--========= First Slide =========-->\r\n                            <div class=\"item\">\r\n                                <div class=\"images_item\">\r\n                                    <img decoding=\"async\" class=\"l_n_hover\" src=\"https:\/\/gasb.golf\/wp-content\/uploads\/sites\/80\/2024\/03\/Events-PP-Event.png\" alt=\"\" \/> \r\n                                                                    <\/div>\r\n\r\n\r\n\r\n                                <h4>Pitch &amp; Putt Event<\/h4>\r\n                                <div class=\"lesson_short_content\">\r\n                                    <p>80 Minute Intro zum Golfsport plus 9 Loch Pitch und Putt Event                                        <br \/>\r\n                                                                                    <a href=\"javascript:void(0)\" class=\"openPopupCls\"  data-bio_id='6606'>Read More<\/a>\r\n                                        \r\n\r\n                                    <\/p>\r\n                                <\/div>\r\n                                <div class=\"book_lsn\">\r\n                                                                            <a href=\"https:\/\/forms.office.com\/e\/DHS3JG7m13\" class=\"b_lesson\">Anfrage<\/a> \r\n                                                                        \r\n                                    \r\n                                <\/div>\r\n                            <\/div>\r\n\r\n                                                <\/div>\r\n                <\/div>\r\n            <\/div>\r\n        <\/section>\r\n        \n<\/div><\/section>\n<div style='height:5px' class='hr hr-invisible  '><span class='hr-inner ' ><span class='hr-inner-style'><\/span><\/span><\/div>\n<div style='height:50px' class='hr hr-invisible  '><span class='hr-inner ' ><span class='hr-inner-style'><\/span><\/span><\/div>\n<\/div><\/div><\/div><!-- close content main div --><\/div><\/div><div id='after_section_3' class='main_color av_default_container_wrap container_wrap sidebar_right'   ><div class='container' ><div class='template-page content  av-content-small alpha units'><div class='post-entry post-entry-type-page post-entry-6602'><div class='entry-content-wrapper clearfix'>\n<\/div><\/div><\/div><!-- close content main div --><\/div><\/div><div id='av_section_4' class='avia-section main_color avia-section-no-padding avia-no-border-styling av-parallax-section avia-bg-style-parallax   av-minimum-height av-minimum-height-75 container_wrap sidebar_right'  data-section-bg-repeat='no-repeat' ><div class='av-parallax' data-avia-parallax-ratio='0.3' ><div class='av-parallax-inner main_color  avia-full-stretch' style = 'background-repeat: no-repeat; background-image: url(https:\/\/gasb.golf\/wp-content\/uploads\/sites\/80\/2024\/01\/teaching_web-12.jpg); background-attachment: scroll; background-position: center center; ' ><\/div><\/div><div class='container' ><div class='template-page content  av-content-small alpha units'><div class='post-entry post-entry-type-page post-entry-6602'><div class='entry-content-wrapper clearfix'><\/div><\/div><\/div><!-- close content main div --><\/div><\/div><div id='after_section_4' class='main_color av_default_container_wrap container_wrap sidebar_right'   ><div class='container' ><div class='template-page content  av-content-small alpha units'><div class='post-entry post-entry-type-page post-entry-6602'><div class='entry-content-wrapper clearfix'>\n<\/div><\/div><\/div><!-- close content main div --><\/div><\/div><div id='event-contact' class='avia-section main_color avia-section-no-padding avia-no-border-styling avia-bg-style-scroll   container_wrap sidebar_right' style = 'background-color: #ffffff; '  ><div class='container' ><div class='template-page content  av-content-small alpha units'><div class='post-entry post-entry-type-page post-entry-6602'><div class='entry-content-wrapper clearfix'>\n<div  class='hr hr-default  '><span class='hr-inner ' ><span class='hr-inner-style'><\/span><\/span><\/div>\n<section class=\"av_textblock_section \"  itemscope=\"itemscope\" itemtype=\"https:\/\/schema.org\/CreativeWork\" ><div class='avia_textblock  '   itemprop=\"text\" ><h5 style=\"color: #000000;font-size: 30px;text-align: center\">KONTAKTIEREN SIE UNS\u2026<\/h5>\n<\/div><\/section>\n<section class=\"av_textblock_section \"  itemscope=\"itemscope\" itemtype=\"https:\/\/schema.org\/CreativeWork\" ><div class='avia_textblock  '   itemprop=\"text\" ><h3 style=\"text-align: center\">Haben Sie fragen zu unsere Anl\u00e4sse oder m\u00f6chten Sie Details besprechen? Kontaktieren Sie uns \u00fcber unser Formular und ein Mitglied unseres Teams wird sich mit Ihnen in Verbindung setzen. Sie k\u00f6nnen das Formular unten ausf\u00fcllen\u2026<\/h3>\n<\/div><\/section>\n<div style='height:5px' class='hr hr-invisible  '><span class='hr-inner ' ><span class='hr-inner-style'><\/span><\/span><\/div>\n<div  class='hr hr-default  '><span class='hr-inner ' ><span class='hr-inner-style'><\/span><\/span><\/div>\n<div class=\"flex_column av_one_fourth  flex_column_div av-zero-column-padding first  \" style='border-radius:0px; '><\/div><div class=\"flex_column av_one_half  flex_column_div av-zero-column-padding   \" style='border-radius:0px; '><section class=\"avia_codeblock_section  avia_code_block_0\"  itemscope=\"itemscope\" itemtype=\"https:\/\/schema.org\/CreativeWork\" ><div class='avia_codeblock '  itemprop=\"text\" > [avia_codeblock_placeholder uid=\"0\"] <\/div><\/section><\/div><div class=\"flex_column av_one_fourth  flex_column_div av-zero-column-padding   \" style='border-radius:0px; '><\/div>\n<\/div><\/div><\/div><!-- close content main div --><\/div><\/div><div id='after_section_5' class='main_color av_default_container_wrap container_wrap sidebar_right'   ><div class='container' ><div class='template-page content  av-content-small alpha units'><div class='post-entry post-entry-type-page post-entry-6602'><div class='entry-content-wrapper clearfix'>\n<\/div><\/div><\/div><!-- close content main div --><\/div><\/div><div id='practice_facilities_id' class='avia-section main_color avia-section-no-padding avia-no-border-styling avia-bg-style-scroll   av-desktop-hide av-medium-hide av-small-hide av-mini-hide container_wrap sidebar_right' style = 'background-color: #ffffff; '  ><div class='container' ><div class='template-page content  av-content-small alpha units'><div class='post-entry post-entry-type-page post-entry-6602'><div class='entry-content-wrapper clearfix'>\n<div  class='hr hr-default  '><span class='hr-inner ' ><span class='hr-inner-style'><\/span><\/span><\/div>\n<section class=\"av_textblock_section \"  itemscope=\"itemscope\" itemtype=\"https:\/\/schema.org\/CreativeWork\" ><div class='avia_textblock  '   itemprop=\"text\" ><h5 style=\"color: #000000;font-size: 30px;text-align: center\"><strong>TESTIMONIALS&#8230;<\/strong><\/h5>\n<\/div><\/section>\n<section class=\"av_textblock_section \"  itemscope=\"itemscope\" itemtype=\"https:\/\/schema.org\/CreativeWork\" ><div class='avia_textblock  '   itemprop=\"text\" ><h3 style=\"text-align: center\"><em>Hear what others have to say about our Events&#8230;<\/em><\/h3>\n<\/div><\/section>\n<div style='height:5px' class='hr hr-invisible  '><span class='hr-inner ' ><span class='hr-inner-style'><\/span><\/span><\/div>\n<div  class='hr hr-default  '><span class='hr-inner ' ><span class='hr-inner-style'><\/span><\/span><\/div>\n<section class=\"av_textblock_section \"  itemscope=\"itemscope\" itemtype=\"https:\/\/schema.org\/CreativeWork\" ><div class='avia_textblock  '   itemprop=\"text\" >\r\n    \r\n        <section class=\"ourpupils\">\r\n            <div class=\"container\">\r\n                <div class=\"row\">\r\n\r\n\r\n                    <div class=\"owl-carousel owl-theme puplisslider\" >\r\n                                                    <!--========= First Slide =========-->\r\n                            <div class=\"item\"><p>\"After the season start workshop, I have more confidence and have an idea where I neex to invest. Many thanks for the small tips and ideas on practice. Looking forward to finishing this round to see where I end up but so far U am very pleased\" Sydney Nurse, Season Start Course Attendee<\/p><\/div>\r\n\r\n\r\n                                                        <!--========= First Slide =========-->\r\n                            <div class=\"item\"><p>\"Wollte euch mal sagen, dass ihr die Gruppentrainings wirklich klasse organsiert. Es macht immer sehr Spass mit euch. Das Training auf dem Platz gestern war sehr lehrreich\" Marc Gutherz, Group Training Attendee<\/p><\/div>\r\n\r\n\r\n                                                        <!--========= First Slide =========-->\r\n                            <div class=\"item\"><p>\"Ich freue mich schon heute auf die neue Golfsaison und bedanke mich f\u00fcr die super Golfstunden die ich von Dir, in diesem Jahr, erhalten habe. Du hast mich in meinem Golfspiel wirklich weiter gebracht - und das ist noch nicht das Ende !\u201d - Manfred Hunziker<\/p><\/div>\r\n\r\n\r\n                                                        <!--========= First Slide =========-->\r\n                            <div class=\"item\"><p>\u201cdein Training hat gewirkt... Habe die letzten 4 Turniere immer runtergespielt (39-37-39-41) Vielen Dank f\u00fcr deine Unterst\u00fctzung !\u201d Peter Hartmann<\/p><\/div>\r\n\r\n\r\n                                                        <!--========= First Slide =========-->\r\n                            <div class=\"item\"><p>\"Es sind jetzt drei Wochen vergangen und ich habe in dieser Zeit unglaubliche Fortschritte erzielt - ich habe noch nie in meiner 15j\u00e4hrigen Golfgeschichte so gut geputtet!\" Philipp Barciela<\/p><\/div>\r\n\r\n\r\n                                                <\/div>\r\n                <\/div>\r\n\r\n\r\n\r\n\r\n            <\/div>\r\n        <\/section>\r\n\r\n        \n<\/div><\/section>\n<div class=\"flex_column av_one_fourth  flex_column_div av-zero-column-padding first  \" style='border-radius:0px; '><\/div><div class=\"flex_column av_one_fourth  flex_column_div av-zero-column-padding   \" style='border-radius:0px; '><div class='avia-button-wrap avia-button-center '><a href='https:\/\/gasb.golf\/de\/?page_id=4038' class='avia-button   avia-icon_select-no avia-color-custom avia-size-medium avia-position-center '  style='background-color:#510900; border-color:#510900; color:#ffffff; ' ><span class='avia_iconbox_title' >DISCOVER MORE<\/span><\/a><\/div><\/div><div class=\"flex_column av_one_fourth  flex_column_div av-zero-column-padding   \" style='border-radius:0px; '><div class='avia-button-wrap avia-button-center '><a href='https:\/\/g.page\/r\/CZJgy5PpfP36EB0\/review' class='avia-button   avia-icon_select-no avia-color-custom avia-size-medium avia-position-center '  target=\"_blank\"  style='background-color:#0a0101; border-color:#0a0101; color:#ffffff; ' ><span class='avia_iconbox_title' >GOOGLE REVIEWS<\/span><\/a><\/div><\/div><div class=\"flex_column av_one_fourth  flex_column_div av-zero-column-padding   \" style='border-radius:0px; '><\/div><div style='height:50px' class='hr hr-invisible  '><span class='hr-inner ' ><span class='hr-inner-style'><\/span><\/span><\/div>\n<\/div><\/div><\/div><!-- close content main div --><\/div><\/div><div id='after_section_6' class='main_color av_default_container_wrap container_wrap sidebar_right'   ><div class='container' ><div class='template-page content  av-content-small alpha units'><div class='post-entry post-entry-type-page post-entry-6602'><div class='entry-content-wrapper clearfix'>\n","protected":false},"excerpt":{"rendered":"\"Es sind jetzt drei Wochen vergangen und ich habe in dieser Zeit unglaubliche Fortschritte erzielt - ich habe noch nie in meiner 15j\u00e4hrigen Golfgeschichte so gut geputtet!\" Philipp Barciela","protected":false},"author":117,"featured_media":0,"parent":0,"menu_order":0,"comment_status":"closed","ping_status":"closed","template":"","meta":{"_acf_changed":false,"footnotes":""},"class_list":["post-6602","page","type-page","status-publish","hentry"],"acf":[],"aioseo_notices":[],"_links":{"self":[{"href":"https:\/\/gasb.golf\/de\/wp-json\/wp\/v2\/pages\/6602","targetHints":{"allow":["GET"]}}],"collection":[{"href":"https:\/\/gasb.golf\/de\/wp-json\/wp\/v2\/pages"}],"about":[{"href":"https:\/\/gasb.golf\/de\/wp-json\/wp\/v2\/types\/page"}],"author":[{"embeddable":true,"href":"https:\/\/gasb.golf\/de\/wp-json\/wp\/v2\/users\/117"}],"replies":[{"embeddable":true,"href":"https:\/\/gasb.golf\/de\/wp-json\/wp\/v2\/comments?post=6602"}],"version-history":[{"count":16,"href":"https:\/\/gasb.golf\/de\/wp-json\/wp\/v2\/pages\/6602\/revisions"}],"predecessor-version":[{"id":6946,"href":"https:\/\/gasb.golf\/de\/wp-json\/wp\/v2\/pages\/6602\/revisions\/6946"}],"wp:attachment":[{"href":"https:\/\/gasb.golf\/de\/wp-json\/wp\/v2\/media?parent=6602"}],"curies":[{"name":"wp","href":"https:\/\/api.w.org\/{rel}","templated":true}]}}