{"id":6777,"date":"2024-07-30T08:29:23","date_gmt":"2024-07-30T08:29:23","guid":{"rendered":"https:\/\/www.gasb.golf\/?page_id=6777"},"modified":"2024-07-30T11:04:42","modified_gmt":"2024-07-30T11:04:42","slug":"winter","status":"publish","type":"page","link":"https:\/\/gasb.golf\/de\/winter\/","title":{"rendered":"Winter Academy"},"content":{"rendered":"<div id='layer_slider_1' class='avia-layerslider main_color avia-shadow  container_wrap sidebar_right'    style='height: 624px;' ><\/div>\n<\/div><\/div><\/div><!-- close content main div --><\/div><\/div><div id='headerbar' class='avia-section main_color avia-section-default avia-no-border-styling avia-bg-style-scroll   container_wrap sidebar_right' style = 'background-color: #510900; '  ><div class='container' ><div class='template-page content  av-content-small alpha units'><div class='post-entry post-entry-type-page post-entry-6777'><div class='entry-content-wrapper clearfix'>\n<div class=\"flex_column av_one_full  flex_column_div av-zero-column-padding first\" style='border-radius:0px; '><div class='avia-button-wrap avia-button-center'><a href='https:\/\/gasb.golf\/de\/contact-us\/' class='avia-button   avia-icon_select-no avia-color-custom avia-size-medium avia-position-center'  style='background-color:#ffffff; border-color:#ffffff; color:#333333; ' ><span class='avia_iconbox_title' >Kontakt<\/span><\/a><\/div><\/div><\/div><\/div><\/div><!-- close content main div --><\/div><\/div><div id='after_section_1' class='main_color av_default_container_wrap container_wrap sidebar_right'   ><div class='container' ><div class='template-page content  av-content-small alpha units'><div class='post-entry post-entry-type-page post-entry-6777'><div class='entry-content-wrapper clearfix'><\/div><\/div><\/div><!-- close content main div --><\/div><\/div><div id='av_section_2' class='avia-section main_color avia-section-default avia-no-border-styling avia-bg-style-scroll   container_wrap sidebar_right' style = 'background-color: #ffffff; '  ><div class='container' ><div class='template-page content  av-content-small alpha units'><div class='post-entry post-entry-type-page post-entry-6777'><div class='entry-content-wrapper clearfix'>\n<div  class='hr hr-default'><span class='hr-inner' ><span class='hr-inner-style'><\/span><\/span><\/div>\n<section class=\"av_textblock_section\"  itemscope=\"itemscope\" itemtype=\"https:\/\/schema.org\/CreativeWork\" ><div class='avia_textblock'   itemprop=\"text\" ><h5 style=\"color: #000000; font-size: 30px; text-align: center;\">WARUM SOLLTEN SIE AN UNSEREN WINTERTRAININGSKURSEN TEILNEHMEN?<\/h5>\n<\/div><\/section>\n<section class=\"av_textblock_section\"  itemscope=\"itemscope\" itemtype=\"https:\/\/schema.org\/CreativeWork\" ><div class='avia_textblock'   itemprop=\"text\" ><h3 style=\"text-align: center;\">Lassen Sie Ihren Golfspiel in den Wintermonaten nicht kalt werden<\/h3>\n<\/div><\/section>\n<div  class='hr hr-default'><span class='hr-inner' ><span class='hr-inner-style'><\/span><\/span><\/div>\n<div class=\"flex_column av_one_fourth  flex_column_div av-zero-column-padding first\" style='border-radius:0px; '><div class='avia-image-container avia_animated_image avia_animate_when_almost_visible av-rotateIn av-styling-    avia-align-center'  itemscope=\"itemscope\" itemtype=\"https:\/\/schema.org\/ImageObject\"  ><div class='avia-image-container-inner'><img class='avia_image' src='https:\/\/gasb.golf\/wp-content\/uploads\/sites\/80\/2024\/01\/Icons-7.png' alt='' title='Icons (7)'   itemprop=\"thumbnailUrl\"  \/><\/div><\/div><br \/>\n<section class=\"av_textblock_section\"  itemscope=\"itemscope\" itemtype=\"https:\/\/schema.org\/CreativeWork\" ><div class='avia_textblock  av_inherit_color'  style='color:#000000; '  itemprop=\"text\" ><h4 style=\"text-align: center;\">Great Value<\/h4>\n<\/div><\/section><br \/>\n<section class=\"av_textblock_section\"  itemscope=\"itemscope\" itemtype=\"https:\/\/schema.org\/CreativeWork\" ><div class='avia_textblock  av_inherit_color'  style='color:#000000; '  itemprop=\"text\" ><p style=\"text-align: center;\">Beim Gruppencoaching erhalten Sie die meisten Coaching-Stunden zum g\u00fcnstigsten Preis aller unserer Angebote.<\/p>\n<\/div><\/section><\/div><div class=\"flex_column av_one_fourth  flex_column_div av-zero-column-padding\" style='border-radius:0px; '><div class='avia-image-container avia_animated_image avia_animate_when_almost_visible av-rotateIn av-styling-    avia-align-center'  itemscope=\"itemscope\" itemtype=\"https:\/\/schema.org\/ImageObject\"  ><div class='avia-image-container-inner'><img class='avia_image' src='https:\/\/gasb.golf\/wp-content\/uploads\/sites\/80\/2024\/01\/Social.png' alt='' title='Social'   itemprop=\"thumbnailUrl\"  \/><\/div><\/div><br \/>\n<section class=\"av_textblock_section\"  itemscope=\"itemscope\" itemtype=\"https:\/\/schema.org\/CreativeWork\" ><div class='avia_textblock  av_inherit_color'  style='color:#000000; '  itemprop=\"text\" ><h4 style=\"text-align: center;\">Soziale<\/h4>\n<\/div><\/section><br \/>\n<section class=\"av_textblock_section\"  itemscope=\"itemscope\" itemtype=\"https:\/\/schema.org\/CreativeWork\" ><div class='avia_textblock  av_inherit_color'  style='color:#000000; '  itemprop=\"text\" ><p style=\"text-align: center;\">Treffen Sie sich mit gleichgesinnten Golfern und trainieren Sie zu einer regelm\u00e4\u00dfigen Zeit, die Ihnen passt.<\/p>\n<\/div><\/section><\/div><div class=\"flex_column av_one_fourth  flex_column_div av-zero-column-padding\" style='border-radius:0px; '><div class='avia-image-container avia_animated_image avia_animate_when_almost_visible av-rotateIn av-styling-    avia-align-center'  itemscope=\"itemscope\" itemtype=\"https:\/\/schema.org\/ImageObject\"  ><div class='avia-image-container-inner'><img class='avia_image' src='https:\/\/gasb.golf\/wp-content\/uploads\/sites\/80\/2024\/01\/Complete.png' alt='' title='Complete'   itemprop=\"thumbnailUrl\"  \/><\/div><\/div><br \/>\n<section class=\"av_textblock_section\"  itemscope=\"itemscope\" itemtype=\"https:\/\/schema.org\/CreativeWork\" ><div class='avia_textblock  av_inherit_color'  style='color:#000000; '  itemprop=\"text\" ><h4 style=\"text-align: center;\">Gezielte Verbesserung<\/h4>\n<\/div><\/section><br \/>\n<section class=\"av_textblock_section\"  itemscope=\"itemscope\" itemtype=\"https:\/\/schema.org\/CreativeWork\" ><div class='avia_textblock  av_inherit_color'  style='color:#000000; '  itemprop=\"text\" ><p style=\"text-align: center;\">\u00a0F\u00fcr diejenigen, die es lieber etwas pers\u00f6nlicher m\u00f6gen, gibt es private Winterkurse<\/p>\n<\/div><\/section><\/div><div class=\"flex_column av_one_fourth  flex_column_div av-zero-column-padding\" style='border-radius:0px; '><div class='avia-image-container avia_animated_image avia_animate_when_almost_visible av-rotateIn av-styling-    avia-align-center'  itemscope=\"itemscope\" itemtype=\"https:\/\/schema.org\/ImageObject\"  ><div class='avia-image-container-inner'><img class='avia_image' src='https:\/\/gasb.golf\/wp-content\/uploads\/sites\/80\/2024\/07\/Icon-Templates.png' alt='' title='Icon Templates'   itemprop=\"thumbnailUrl\"  \/><\/div><\/div><br \/>\n<section class=\"av_textblock_section\"  itemscope=\"itemscope\" itemtype=\"https:\/\/schema.org\/CreativeWork\" ><div class='avia_textblock  av_inherit_color'  style='color:#000000; '  itemprop=\"text\" ><h4 style=\"text-align: center;\">Saisonstart Sonne<\/h4>\n<\/div><\/section><br \/>\n<section class=\"av_textblock_section\"  itemscope=\"itemscope\" itemtype=\"https:\/\/schema.org\/CreativeWork\" ><div class='avia_textblock  av_inherit_color'  style='color:#000000; '  itemprop=\"text\" ><p style=\"text-align: center;\">Wer der K\u00e4lte nicht trotzen m\u00f6chte, kann sich mit unserer Gruppenreise zum Saisonstart auf die neue Saison vorbereiten<\/p>\n<\/div><\/section><\/div>\n<\/div><\/div><\/div><!-- close content main div --><\/div><\/div><div id='after_section_2' class='main_color av_default_container_wrap container_wrap sidebar_right'   ><div class='container' ><div class='template-page content  av-content-small alpha units'><div class='post-entry post-entry-type-page post-entry-6777'><div class='entry-content-wrapper clearfix'><\/p>\n<\/div><\/div><\/div><!-- close content main div --><\/div><\/div><div id='av_section_3' class='avia-section main_color avia-section-no-padding avia-no-border-styling avia-bg-style-scroll   container_wrap sidebar_right' style = 'background-color: #ffffff; '  ><div class='container' ><div class='template-page content  av-content-small alpha units'><div class='post-entry post-entry-type-page post-entry-6777'><div class='entry-content-wrapper clearfix'>\n<div  class='hr hr-default'><span class='hr-inner' ><span class='hr-inner-style'><\/span><\/span><\/div>\n<section class=\"av_textblock_section\"  itemscope=\"itemscope\" itemtype=\"https:\/\/schema.org\/CreativeWork\" ><div class='avia_textblock'   itemprop=\"text\" ><h5 style=\"color: #000000; font-size: 30px; text-align: center;\"><strong>WINTER ACADEMY ANGEBOT<\/strong><\/h5>\n<\/div><\/section>\n<div style='height:5px' class='hr hr-invisible'><span class='hr-inner' ><span class='hr-inner-style'><\/span><\/span><\/div>\n<section class=\"av_textblock_section\"  itemscope=\"itemscope\" itemtype=\"https:\/\/schema.org\/CreativeWork\" ><div class='avia_textblock'   itemprop=\"text\" ><h3 style=\"text-align: center;\">Entdecken Sie unsere Winterangebote unten und klicken Sie auf \u201eWeiterlesen\u201c f\u00fcr weitere Informationen&#8230;<\/h3>\n<\/div><\/section>\n<div  class='hr hr-default'><span class='hr-inner' ><span class='hr-inner-style'><\/span><\/span><\/div>\n<section class=\"av_textblock_section\"  itemscope=\"itemscope\" itemtype=\"https:\/\/schema.org\/CreativeWork\" ><div class='avia_textblock'   itemprop=\"text\" >\r\n\r\n            <section class=\"lessontype\">\r\n            <div class=\"container\">\r\n\r\n                <div class=\"row\">\r\n                    <div class=\"owl-carousel owl-theme lessontype_slider\">\r\n                                                    <!--========= First Slide =========-->\r\n                            <div class=\"item\">\r\n                                <div class=\"images_item\">\r\n                                    <img decoding=\"async\" class=\"l_n_hover\" src=\"https:\/\/gasb.golf\/wp-content\/uploads\/sites\/80\/2024\/07\/Group-Coaching-winter-Training.png\" alt=\"\" \/> \r\n                                                                    <\/div>\r\n\r\n\r\n\r\n                                <h4>Private Winter Coaching<\/h4>\r\n                                <div class=\"lesson_short_content\">\r\n                                    <p>Private Coaching-Serie von 4 Termine f\u00fcr 1 bis 4 Personen im Winter                                        <br \/>\r\n                                                                                    <a href=\"javascript:void(0)\" class=\"openPopupCls\"  data-bio_id='6784'>Read More<\/a>\r\n                                        \r\n\r\n                                    <\/p>\r\n                                <\/div>\r\n                                <div class=\"book_lsn\">\r\n                                                                            <a href=\"https:\/\/forms.office.com\/e\/mtpisqqzeg\" class=\"b_lesson\">Wunschtermine senden<\/a> \r\n                                                                        \r\n                                    \r\n                                <\/div>\r\n                            <\/div>\r\n\r\n                                                        <!--========= First Slide =========-->\r\n                            <div class=\"item\">\r\n                                <div class=\"images_item\">\r\n                                    <img decoding=\"async\" class=\"l_n_hover\" src=\"\" alt=\"\" \/> \r\n                                                                    <\/div>\r\n\r\n\r\n\r\n                                <h4>Winter Gruppentraining<\/h4>\r\n                                <div class=\"lesson_short_content\">\r\n                                    <p>Gruppentraining w\u00e4hrend der Wintermonate, um Ihr Spiel \u00fcber ein 9-Wochen-Programm zu erhalten.                                        <br \/>\r\n                                        \r\n\r\n                                    <\/p>\r\n                                <\/div>\r\n                                <div class=\"book_lsn\">\r\n                                                                            <a href=\"https:\/\/gasb.golf\/de\/group-coaching\/\" class=\"b_lesson\">Weitere Infos<\/a> \r\n                                                                        \r\n                                    \r\n                                <\/div>\r\n                            <\/div>\r\n\r\n                                                <\/div>\r\n                <\/div>\r\n            <\/div>\r\n        <\/section>\r\n        \n<\/div><\/section>\n<div style='height:5px' class='hr hr-invisible'><span class='hr-inner' ><span class='hr-inner-style'><\/span><\/span><\/div>\n<div style='height:50px' class='hr hr-invisible'><span class='hr-inner' ><span class='hr-inner-style'><\/span><\/span><\/div>\n<\/div><\/div><\/div><!-- close content main div --><\/div><\/div><div id='after_section_3' class='main_color av_default_container_wrap container_wrap sidebar_right'   ><div class='container' ><div class='template-page content  av-content-small alpha units'><div class='post-entry post-entry-type-page post-entry-6777'><div class='entry-content-wrapper clearfix'>\n<\/div><\/div><\/div><!-- close content main div --><\/div><\/div><div id='av_section_4' class='avia-section main_color avia-section-no-padding avia-no-border-styling av-parallax-section avia-bg-style-parallax   av-minimum-height av-minimum-height-75 container_wrap sidebar_right'  data-section-bg-repeat='no-repeat' ><div class='av-parallax' data-avia-parallax-ratio='0.3' ><div class='av-parallax-inner main_color  avia-full-stretch' style = 'background-repeat: no-repeat; background-image: url(https:\/\/gasb.golf\/wp-content\/uploads\/sites\/80\/2023\/12\/teaching_web-25.jpg); background-attachment: scroll; background-position: center center; ' ><\/div><\/div><div class='container' ><div class='template-page content  av-content-small alpha units'><div class='post-entry post-entry-type-page post-entry-6777'><div class='entry-content-wrapper clearfix'><\/div><\/div><\/div><!-- close content main div --><\/div><\/div><div id='after_section_4' class='main_color av_default_container_wrap container_wrap sidebar_right'   ><div class='container' ><div class='template-page content  av-content-small alpha units'><div class='post-entry post-entry-type-page post-entry-6777'><div class='entry-content-wrapper clearfix'>","protected":false},"excerpt":{"rendered":"Gruppentraining w\u00e4hrend der Wintermonate, um Ihr Spiel \u00fcber ein 9-Wochen-Programm zu erhalten.","protected":false},"author":117,"featured_media":0,"parent":0,"menu_order":0,"comment_status":"closed","ping_status":"closed","template":"","meta":{"_acf_changed":false,"footnotes":""},"class_list":["post-6777","page","type-page","status-publish","hentry"],"acf":[],"aioseo_notices":[],"_links":{"self":[{"href":"https:\/\/gasb.golf\/de\/wp-json\/wp\/v2\/pages\/6777","targetHints":{"allow":["GET"]}}],"collection":[{"href":"https:\/\/gasb.golf\/de\/wp-json\/wp\/v2\/pages"}],"about":[{"href":"https:\/\/gasb.golf\/de\/wp-json\/wp\/v2\/types\/page"}],"author":[{"embeddable":true,"href":"https:\/\/gasb.golf\/de\/wp-json\/wp\/v2\/users\/117"}],"replies":[{"embeddable":true,"href":"https:\/\/gasb.golf\/de\/wp-json\/wp\/v2\/comments?post=6777"}],"version-history":[{"count":12,"href":"https:\/\/gasb.golf\/de\/wp-json\/wp\/v2\/pages\/6777\/revisions"}],"predecessor-version":[{"id":6966,"href":"https:\/\/gasb.golf\/de\/wp-json\/wp\/v2\/pages\/6777\/revisions\/6966"}],"wp:attachment":[{"href":"https:\/\/gasb.golf\/de\/wp-json\/wp\/v2\/media?parent=6777"}],"curies":[{"name":"wp","href":"https:\/\/api.w.org\/{rel}","templated":true}]}}